{"id":247,"date":"2021-06-07T17:22:08","date_gmt":"2021-06-07T17:22:08","guid":{"rendered":"https:\/\/feuerwehr-nordsehl-lauenhagen.de\/?page_id=247"},"modified":"2021-09-06T21:09:17","modified_gmt":"2021-09-06T21:09:17","slug":"fahrzeuge","status":"publish","type":"page","link":"https:\/\/feuerwehr-nordsehl-lauenhagen.de\/index.php\/fahrzeuge\/","title":{"rendered":"Fahrzeuge"},"content":{"rendered":"<p style=\"text-align: justify;\">Die Feuerwehr Nordsehl-Lauenhagen verf\u00fcgt \u00fcber vier Fahrzeuge. F\u00fcr die Brandbek\u00e4mpfung und f\u00fcr die erweiterte Hilfeleistung steht ein Hilfeleistungs-L\u00f6schfahrzeug 10 (HLF 10) zur Verf\u00fcgung. Ebenfalls f\u00fcr die Brandbek\u00e4mpfung und f\u00fcr einfache Hilfeleistungen wird\u00a0ein Tragkraftspritzenfahrzeug (TSF)\u00a0eingesetzt. Das Fahrzeug leistet auch f\u00fcr die Arbeit mit der Kinder- &amp; Jugendfeuerwehr wichtige Dienste. F\u00fcr Logistikaufgaben steht seit 2018 ein Ger\u00e4tewagen-Logistik (GW-L) f\u00fcr Eins\u00e4tze bereit. Das\u00a0Fahrzeug\u00a0kann nicht nur unterschiedliche Transportaufgaben meistern, es ist auch mit zahlreicher Spezialtechnik auf Rollwagen beladen. Au\u00dferdem kann der Ger\u00e4tewagen-Logistik zum schnellen Verlegen von langen Schlauchleitungen bei langsamer Fahrt verwendet werden. Als viertes Fahrzeug geh\u00f6rt\u00a0ein Mannschaftstransportwagen (MTW) zum Fahrzeugpark. Das Fahrzeug wird neben dem Transport von Einsatzkr\u00e4ften bei gr\u00f6\u00dferen Eins\u00e4tzen\u00a0auch als Sammelstelle f\u00fcr Atemschutzger\u00e4tetr\u00e4ger eingesetzt. Die meisten Kilometer leistet der MTW\u00a0jedoch bei Versorgungsfahrten und f\u00fcr den Transport unserer Kinder- und Jugendfeuerwehr.<\/p>\n<table>\n<tbody>\n<tr>\n<td><strong>Bezeichnung<\/strong><\/td>\n<td><strong>\u00a0 \u00a0 \u00a0 Hilfeleistung-L\u00f6schfahrzeug 10<\/strong><\/td>\n<\/tr>\n<tr>\n<td>Abk\u00fcrzung<\/td>\n<td>\u00a0 \u00a0 \u00a0 HLF 10<\/td>\n<\/tr>\n<tr>\n<td>Funkrufname<\/td>\n<td>\u00a0 \u00a0 \u00a0 Florian Schaumburg 20-46-04<\/td>\n<\/tr>\n<tr>\n<td>Kennzeichen<\/td>\n<td>\u00a0 \u00a0 \u00a0 SHG-NL 200<\/td>\n<\/tr>\n<tr>\n<td>Baujahr<\/td>\n<td>\u00a0 \u00a0 \u00a0 2016<\/td>\n<\/tr>\n<tr>\n<td>Hersteller<\/td>\n<td>\u00a0 \u00a0 \u00a0 MAN \/ Rosenbauer<\/td>\n<\/tr>\n<tr>\n<td>Sitzpl\u00e4tze<\/td>\n<td>\u00a0 \u00a0 \u00a0 9<\/td>\n<\/tr>\n<tr>\n<td style=\"vertical-align: middle;\">Besonderheiten &amp;<br \/>\nAusr\u00fcstung<\/td>\n<td>\n<ul>\n<li>Allrad<\/li>\n<li>4 Atemschutz-Ger\u00e4te im Mannschaftsraum<\/li>\n<li>4 Ersatzflaschen f\u00fcr Atemschutzger\u00e4te<\/li>\n<li>2000L Wassertank<\/li>\n<li>Pumpe mit\u00a03500L\/min F\u00f6rderleistung<\/li>\n<li>Lichtmast<\/li>\n<li>Heckwarneinrichtung<\/li>\n<li>Schnellangriff<\/li>\n<li>Turbol\u00fcfter<\/li>\n<li>vierteilige Steckleiter<\/li>\n<li>Ausstattung f\u00fcr die erweiterte technische Hilfeleistung<\/li>\n<li>W\u00e4rmebildkamera<\/li>\n<li>Mehrgas-Messger\u00e4t<\/li>\n<\/ul>\n<\/td>\n<\/tr>\n<tr>\n<td colspan=\"2\">\u00a0 <a href=\"https:\/\/feuerwehr-nordsehl-lauenhagen.de\/wp-content\/uploads\/2021\/09\/5D3_3773-1-scaled.jpg\" target=\"_blank\" rel=\"noopener\"><img fetchpriority=\"high\" decoding=\"async\" class=\"alignnone wp-image-466 size-large\" src=\"https:\/\/feuerwehr-nordsehl-lauenhagen.de\/wp-content\/uploads\/2021\/09\/5D3_3773-1-1024x592.jpg\" alt=\"\" width=\"640\" height=\"370\" srcset=\"https:\/\/feuerwehr-nordsehl-lauenhagen.de\/wp-content\/uploads\/2021\/09\/5D3_3773-1-1024x592.jpg 1024w, https:\/\/feuerwehr-nordsehl-lauenhagen.de\/wp-content\/uploads\/2021\/09\/5D3_3773-1-300x174.jpg 300w, https:\/\/feuerwehr-nordsehl-lauenhagen.de\/wp-content\/uploads\/2021\/09\/5D3_3773-1-768x444.jpg 768w, https:\/\/feuerwehr-nordsehl-lauenhagen.de\/wp-content\/uploads\/2021\/09\/5D3_3773-1-1536x889.jpg 1536w, https:\/\/feuerwehr-nordsehl-lauenhagen.de\/wp-content\/uploads\/2021\/09\/5D3_3773-1-2048x1185.jpg 2048w\" sizes=\"(max-width: 640px) 100vw, 640px\" \/><\/a><\/td>\n<\/tr>\n<\/tbody>\n<\/table>\n<hr \/>\n<table>\n<tbody>\n<tr>\n<td><strong>Bezeichnung<\/strong><\/td>\n<td><strong>\u00a0 \u00a0 \u00a0\u00a0Tragkraftspritzenfahrzeug<\/strong><\/td>\n<\/tr>\n<tr>\n<td>Abk\u00fcrzung<\/td>\n<td>\u00a0 \u00a0 \u00a0\u00a0TSF<\/td>\n<\/tr>\n<tr>\n<td>Funkrufname<\/td>\n<td>\u00a0 \u00a0 \u00a0 Florian Schaumburg 20-40-04<\/td>\n<\/tr>\n<tr>\n<td>Kennzeichen<\/td>\n<td>\u00a0 \u00a0 \u00a0 SHG-NL 203<\/td>\n<\/tr>\n<tr>\n<td>Baujahr<\/td>\n<td>\u00a0 \u00a0 \u00a0 2004<\/td>\n<\/tr>\n<tr>\n<td>Hersteller<\/td>\n<td>\u00a0 \u00a0 \u00a0 Mercedes\u00a0\/\u00a0Ziegler<\/td>\n<\/tr>\n<tr>\n<td>Sitzpl\u00e4tze<\/td>\n<td>\u00a0 \u00a0 \u00a0 6<\/td>\n<\/tr>\n<tr>\n<td style=\"vertical-align: middle;\">Besonderheiten &amp;<br \/>\nAusr\u00fcstung<\/td>\n<td>\n<ul>\n<li>4 PA-Ger\u00e4te im Mannschaftsraum<\/li>\n<li>Tragbare Pumpe mit 1000L\/min F\u00f6rderleistung<\/li>\n<li>Motors\u00e4ge<\/li>\n<li>vierteilige Steckleiter<\/li>\n<li>Umfangreiches Material zur Stra\u00dfenabsicherung<\/li>\n<li>Ausstattung f\u00fcr die einfache\u00a0technische Hilfeleistung<\/li>\n<\/ul>\n<\/td>\n<\/tr>\n<tr>\n<td colspan=\"2\">\u00a0 <a href=\"https:\/\/feuerwehr-nordsehl-lauenhagen.de\/wp-content\/uploads\/2021\/09\/5D3_3776.jpg\" target=\"_blank\" rel=\"noopener\"><img decoding=\"async\" class=\"alignnone wp-image-468 size-large\" src=\"https:\/\/feuerwehr-nordsehl-lauenhagen.de\/wp-content\/uploads\/2021\/09\/5D3_3776-1024x586.jpg\" alt=\"\" width=\"640\" height=\"366\" srcset=\"https:\/\/feuerwehr-nordsehl-lauenhagen.de\/wp-content\/uploads\/2021\/09\/5D3_3776-1024x586.jpg 1024w, https:\/\/feuerwehr-nordsehl-lauenhagen.de\/wp-content\/uploads\/2021\/09\/5D3_3776-300x172.jpg 300w, https:\/\/feuerwehr-nordsehl-lauenhagen.de\/wp-content\/uploads\/2021\/09\/5D3_3776-768x440.jpg 768w, https:\/\/feuerwehr-nordsehl-lauenhagen.de\/wp-content\/uploads\/2021\/09\/5D3_3776-1536x879.jpg 1536w, https:\/\/feuerwehr-nordsehl-lauenhagen.de\/wp-content\/uploads\/2021\/09\/5D3_3776-2048x1173.jpg 2048w\" sizes=\"(max-width: 640px) 100vw, 640px\" \/><\/a><\/td>\n<\/tr>\n<\/tbody>\n<\/table>\n<hr \/>\n<table>\n<tbody>\n<tr>\n<td><strong>Bezeichnung<\/strong><\/td>\n<td><strong>\u00a0 \u00a0 \u00a0\u00a0Ger\u00e4tewagen-Logistik 2<\/strong><\/td>\n<\/tr>\n<tr>\n<td>Abk\u00fcrzung<\/td>\n<td>\u00a0 \u00a0 \u00a0\u00a0GW-L2<\/td>\n<\/tr>\n<tr>\n<td>Funkrufname<\/td>\n<td>\u00a0 \u00a0 \u00a0 Florian Schaumburg 20-68-04<\/td>\n<\/tr>\n<tr>\n<td>Kennzeichen<\/td>\n<td>\u00a0 \u00a0 \u00a0 SHG-NL 202<\/td>\n<\/tr>\n<tr>\n<td>Baujahr<\/td>\n<td>\u00a0 \u00a0 \u00a0 2018<\/td>\n<\/tr>\n<tr>\n<td>Hersteller<\/td>\n<td>\u00a0 \u00a0 \u00a0 MAN\u00a0\/\u00a0Freytag<\/td>\n<\/tr>\n<tr>\n<td>Sitzpl\u00e4tze<\/td>\n<td>\u00a0 \u00a0 \u00a0 6<\/td>\n<\/tr>\n<tr>\n<td style=\"vertical-align: middle;\">Besonderheiten &amp;<br \/>\nAusr\u00fcstung<\/td>\n<td>\n<ul>\n<li>Aufbau mit Plane-Spriegel<\/li>\n<li>Flexible Beladung\u00a0mit verschiedenen Rollcontainern<\/li>\n<li>Ladebordwand 1,5 Tonnen<\/li>\n<li>Heckwarneinrichtung<\/li>\n<li>geeignet zum Auslegen von Schlauchleitungen<br \/>\nw\u00e4hrend der Fahrt<\/li>\n<li>Umfangreiches Material zur\u00a0Ladungssicherung<\/li>\n<\/ul>\n<\/td>\n<\/tr>\n<tr>\n<td colspan=\"2\">\u00a0\u00a0<img decoding=\"async\" class=\"alignnone wp-image-2240 size-medium\" src=\"http:\/\/www.feuerwehr-nordsehl-lauenhagen.de\/wp-content\/uploads\/IMG_3468-1-300x200.jpg\" sizes=\"(max-width: 300px) 100vw, 300px\" srcset=\"http:\/\/www.feuerwehr-nordsehl-lauenhagen.de\/wp-content\/uploads\/IMG_3468-1-300x200.jpg 300w, http:\/\/www.feuerwehr-nordsehl-lauenhagen.de\/wp-content\/uploads\/IMG_3468-1-1024x683.jpg 1024w\" alt=\"\" width=\"300\" height=\"200\" \/><a href=\"https:\/\/feuerwehr-nordsehl-lauenhagen.de\/wp-content\/uploads\/2021\/09\/IMG_3467.jpg\" target=\"_blank\" rel=\"noopener\"><img loading=\"lazy\" decoding=\"async\" class=\"alignnone wp-image-470 size-large\" src=\"https:\/\/feuerwehr-nordsehl-lauenhagen.de\/wp-content\/uploads\/2021\/09\/IMG_3467-1024x609.jpg\" alt=\"\" width=\"640\" height=\"381\" srcset=\"https:\/\/feuerwehr-nordsehl-lauenhagen.de\/wp-content\/uploads\/2021\/09\/IMG_3467-1024x609.jpg 1024w, https:\/\/feuerwehr-nordsehl-lauenhagen.de\/wp-content\/uploads\/2021\/09\/IMG_3467-300x178.jpg 300w, https:\/\/feuerwehr-nordsehl-lauenhagen.de\/wp-content\/uploads\/2021\/09\/IMG_3467-768x457.jpg 768w, https:\/\/feuerwehr-nordsehl-lauenhagen.de\/wp-content\/uploads\/2021\/09\/IMG_3467-1536x914.jpg 1536w, https:\/\/feuerwehr-nordsehl-lauenhagen.de\/wp-content\/uploads\/2021\/09\/IMG_3467-2048x1218.jpg 2048w\" sizes=\"(max-width: 640px) 100vw, 640px\" \/><\/a><\/td>\n<\/tr>\n<\/tbody>\n<\/table>\n<hr \/>\n<table>\n<tbody>\n<tr>\n<td><strong>Bezeichnung<\/strong><\/td>\n<td><strong>\u00a0 \u00a0 \u00a0\u00a0Mannschaftstransportwagen<\/strong><\/td>\n<\/tr>\n<tr>\n<td>Abk\u00fcrzung<\/td>\n<td>\u00a0 \u00a0 \u00a0\u00a0MTW<\/td>\n<\/tr>\n<tr>\n<td>Funkrufname<\/td>\n<td>\u00a0 \u00a0 \u00a0 Florian Schaumburg 20-17-04<\/td>\n<\/tr>\n<tr>\n<td>Kennzeichen<\/td>\n<td>\u00a0 \u00a0 \u00a0 SHG-NL 201<\/td>\n<\/tr>\n<tr>\n<td>Baujahr<\/td>\n<td>\u00a0 \u00a0 \u00a0 2017<\/td>\n<\/tr>\n<tr>\n<td>Hersteller<\/td>\n<td>\u00a0 \u00a0 \u00a0 Volkswagen\u00a0\/\u00a0S\u00f6ffker \/ Eigenbau<\/td>\n<\/tr>\n<tr>\n<td>Sitzpl\u00e4tze<\/td>\n<td>\u00a0 \u00a0 \u00a0 9<\/td>\n<\/tr>\n<tr>\n<td style=\"vertical-align: middle;\">Besonderheiten &amp;<br \/>\nAusr\u00fcstung<\/td>\n<td>\n<ul>\n<li>Umfangreiches Material zur Stra\u00dfenabsicherung<\/li>\n<li>Heckwarneinrichtung<\/li>\n<li>Fahrzeug dient bei gr\u00f6\u00dferen Br\u00e4nden als Sammel-<br \/>\nstelle f\u00fcr Atemschutzger\u00e4tetr\u00e4ger<\/li>\n<li>Material f\u00fcr Sammelstelle \/ zentrale Atemschutz-<br \/>\n\u00fcberachung<\/li>\n<li>8 Ersatzflaschen f\u00fcr Atemschutzger\u00e4te<\/li>\n<\/ul>\n<\/td>\n<\/tr>\n<tr>\n<td colspan=\"2\">\u00a0 <a href=\"https:\/\/feuerwehr-nordsehl-lauenhagen.de\/wp-content\/uploads\/2021\/09\/5D3_3778-scaled.jpg\" target=\"_blank\" rel=\"noopener\"><img loading=\"lazy\" decoding=\"async\" class=\"alignnone wp-image-469 size-large\" src=\"https:\/\/feuerwehr-nordsehl-lauenhagen.de\/wp-content\/uploads\/2021\/09\/5D3_3778-1024x640.jpg\" alt=\"\" width=\"640\" height=\"400\" srcset=\"https:\/\/feuerwehr-nordsehl-lauenhagen.de\/wp-content\/uploads\/2021\/09\/5D3_3778-1024x640.jpg 1024w, https:\/\/feuerwehr-nordsehl-lauenhagen.de\/wp-content\/uploads\/2021\/09\/5D3_3778-300x187.jpg 300w, https:\/\/feuerwehr-nordsehl-lauenhagen.de\/wp-content\/uploads\/2021\/09\/5D3_3778-768x480.jpg 768w, https:\/\/feuerwehr-nordsehl-lauenhagen.de\/wp-content\/uploads\/2021\/09\/5D3_3778-1536x959.jpg 1536w, https:\/\/feuerwehr-nordsehl-lauenhagen.de\/wp-content\/uploads\/2021\/09\/5D3_3778-2048x1279.jpg 2048w\" sizes=\"(max-width: 640px) 100vw, 640px\" \/><\/a><\/td>\n<\/tr>\n<\/tbody>\n<\/table>\n","protected":false},"excerpt":{"rendered":"<p>Die Feuerwehr Nordsehl-Lauenhagen verf\u00fcgt \u00fcber vier Fahrzeuge. F\u00fcr die Brandbek\u00e4mpfung und f\u00fcr die erweiterte Hilfeleistung steht ein Hilfeleistungs-L\u00f6schfahrzeug 10 (HLF 10) zur Verf\u00fcgung. Ebenfalls f\u00fcr die Brandbek\u00e4mpfung und f\u00fcr einfache Hilfeleistungen wird\u00a0ein Tragkraftspritzenfahrzeug (TSF)\u00a0eingesetzt. Das Fahrzeug leistet auch f\u00fcr die &hellip; <a href=\"https:\/\/feuerwehr-nordsehl-lauenhagen.de\/index.php\/fahrzeuge\/\">Weiterlesen <span class=\"meta-nav\">&rarr;<\/span><\/a><\/p>\n","protected":false},"author":1,"featured_media":0,"parent":0,"menu_order":0,"comment_status":"closed","ping_status":"closed","template":"","meta":{"footnotes":""},"class_list":["post-247","page","type-page","status-publish","hentry"],"_links":{"self":[{"href":"https:\/\/feuerwehr-nordsehl-lauenhagen.de\/index.php\/wp-json\/wp\/v2\/pages\/247","targetHints":{"allow":["GET"]}}],"collection":[{"href":"https:\/\/feuerwehr-nordsehl-lauenhagen.de\/index.php\/wp-json\/wp\/v2\/pages"}],"about":[{"href":"https:\/\/feuerwehr-nordsehl-lauenhagen.de\/index.php\/wp-json\/wp\/v2\/types\/page"}],"author":[{"embeddable":true,"href":"https:\/\/feuerwehr-nordsehl-lauenhagen.de\/index.php\/wp-json\/wp\/v2\/users\/1"}],"replies":[{"embeddable":true,"href":"https:\/\/feuerwehr-nordsehl-lauenhagen.de\/index.php\/wp-json\/wp\/v2\/comments?post=247"}],"version-history":[{"count":4,"href":"https:\/\/feuerwehr-nordsehl-lauenhagen.de\/index.php\/wp-json\/wp\/v2\/pages\/247\/revisions"}],"predecessor-version":[{"id":471,"href":"https:\/\/feuerwehr-nordsehl-lauenhagen.de\/index.php\/wp-json\/wp\/v2\/pages\/247\/revisions\/471"}],"wp:attachment":[{"href":"https:\/\/feuerwehr-nordsehl-lauenhagen.de\/index.php\/wp-json\/wp\/v2\/media?parent=247"}],"curies":[{"name":"wp","href":"https:\/\/api.w.org\/{rel}","templated":true}]}}