{"id":149,"date":"2021-06-07T11:02:49","date_gmt":"2021-06-07T11:02:49","guid":{"rendered":"https:\/\/feuerwehr-nordsehl-lauenhagen.de\/?page_id=149"},"modified":"2021-09-06T20:48:37","modified_gmt":"2021-09-06T20:48:37","slug":"buergerinfos","status":"publish","type":"page","link":"https:\/\/feuerwehr-nordsehl-lauenhagen.de\/index.php\/service\/buergerinfos\/","title":{"rendered":"B\u00fcrgerinfo zu Feuerl\u00f6schern"},"content":{"rendered":"<p><strong><br \/>\n<img decoding=\"async\" class=\"alignnone wp-image-173 \" src=\"https:\/\/feuerwehr-nordsehl-lauenhagen.de\/wp-content\/uploads\/2021\/06\/hydrant-150x150.png\" alt=\"\" width=\"15\" height=\"15\" srcset=\"https:\/\/feuerwehr-nordsehl-lauenhagen.de\/wp-content\/uploads\/2021\/06\/hydrant-150x150.png 150w, https:\/\/feuerwehr-nordsehl-lauenhagen.de\/wp-content\/uploads\/2021\/06\/hydrant.png 191w\" sizes=\"(max-width: 15px) 100vw, 15px\" \/>\u00a0Feuerl\u00f6scher<\/strong><\/p>\n<p>Nachfolgend m\u00f6chten wir Ihnen Feuerl\u00f6scher etwas n\u00e4her bringen. Nach unseren Erfahrungen kann der fr\u00fchzeitige Einsatz von Feuerl\u00f6schern Leben retten und Sachsch\u00e4den verringern.<\/p>\n<p>Feuerl\u00f6scher dienen zur wirksamen Bek\u00e4mpfung von Entstehungsbr\u00e4nden. Das bedeutet, dass nur kleine und in der Entstehung befindliche Br\u00e4nde erfolgreich gel\u00f6scht werden k\u00f6nnen. Jeder Feuerl\u00f6scher ist ohne besondere Kenntnisse zu bedienen, es gen\u00fcgt v\u00f6llig, die aufgedruckte Gebrauchsanweisung zu befolgen. Zu Ihrer eigenen Sicherheit sollten Sie sich allerdings schon jetzt mit der Bedienung der bei Ihnen verf\u00fcgbaren Feuerl\u00f6scher vertraut machen. Lesen Sie dazu die auf dem Feuerl\u00f6scher angebrachte Gebrauchsanweisung aufmerksam durch und machen Sie sich mit den vorhandenen Bedienungselementen vertraut. Dies erspart Ihnen im Ernstfall wertvolle Zeit und rettet eventuell Leben!<\/p>\n<p>Sie sollten auch kontrollieren, ob sich der Feuerl\u00f6scher in Ihrer Umgebung f\u00fcr die bei Ihnen vorhandenen brennbaren Stoffe eignet. Auf dem Feuerl\u00f6scher sind Piktogramme (A, B, C, D, F) f\u00fcr die Eignung der verschiedenen Brandklassen aufgedruckt. Die folgende \u00dcbersicht sollen Ihnen Aufschluss \u00fcber die Brandklassen und die Eignung ihres Feuerl\u00f6schers in Bezug auf die jeweiligen Brandklassen geben.<\/p>\n<hr \/>\n<p><strong><img decoding=\"async\" class=\"alignnone wp-image-173 \" src=\"https:\/\/feuerwehr-nordsehl-lauenhagen.de\/wp-content\/uploads\/2021\/06\/hydrant-150x150.png\" alt=\"\" width=\"15\" height=\"15\" srcset=\"https:\/\/feuerwehr-nordsehl-lauenhagen.de\/wp-content\/uploads\/2021\/06\/hydrant-150x150.png 150w, https:\/\/feuerwehr-nordsehl-lauenhagen.de\/wp-content\/uploads\/2021\/06\/hydrant.png 191w\" sizes=\"(max-width: 15px) 100vw, 15px\" \/>\u00a0Einteilung der Brandklassen und die daf\u00fcr geeigneten Feuerl\u00f6scher:<\/strong><\/p>\n<p><a href=\"https:\/\/feuerwehr-nordsehl-lauenhagen.de\/wp-content\/uploads\/2021\/09\/csm_Brandklassen_Tabelle_de_e1350c37d3-1.jpg\" target=\"_blank\" rel=\"noopener\"><img fetchpriority=\"high\" decoding=\"async\" class=\"alignnone wp-image-454 \" src=\"https:\/\/feuerwehr-nordsehl-lauenhagen.de\/wp-content\/uploads\/2021\/09\/csm_Brandklassen_Tabelle_de_e1350c37d3-1.jpg\" alt=\"\" width=\"606\" height=\"444\" srcset=\"https:\/\/feuerwehr-nordsehl-lauenhagen.de\/wp-content\/uploads\/2021\/09\/csm_Brandklassen_Tabelle_de_e1350c37d3-1.jpg 577w, https:\/\/feuerwehr-nordsehl-lauenhagen.de\/wp-content\/uploads\/2021\/09\/csm_Brandklassen_Tabelle_de_e1350c37d3-1-300x220.jpg 300w\" sizes=\"(max-width: 606px) 100vw, 606px\" \/><\/a><\/p>\n<hr \/>\n<p><strong><img decoding=\"async\" class=\"alignnone wp-image-173 \" src=\"https:\/\/feuerwehr-nordsehl-lauenhagen.de\/wp-content\/uploads\/2021\/06\/hydrant-150x150.png\" alt=\"\" width=\"15\" height=\"15\" srcset=\"https:\/\/feuerwehr-nordsehl-lauenhagen.de\/wp-content\/uploads\/2021\/06\/hydrant-150x150.png 150w, https:\/\/feuerwehr-nordsehl-lauenhagen.de\/wp-content\/uploads\/2021\/06\/hydrant.png 191w\" sizes=\"(max-width: 15px) 100vw, 15px\" \/>\u00a0Funktionsweise von Feuerl\u00f6scher<\/strong><\/p>\n<p>1. Sicherungsstift oder -lasche ziehen<br \/>\n2. Schlag oder -Druckknopf bet\u00e4tigen<br \/>\n3. Feuer mit L\u00f6schpistole gezielt und sto\u00dfweise l\u00f6schen<\/p>\n<p>Machen Sie sich vor dem Ernstfall mit der Funktionsweise ihres Feuerl\u00f6schers am Arbeitsplatz, im PKW oder bei ihnen Zuhause bekannt.<\/p>\n<p>Hinweis: Pro Kilogramm L\u00f6schmittel haben Sie ca. 2 Sekunden Zeit das Feuer zu bek\u00e4mpfen!<\/p>\n<hr \/>\n<p><strong><img decoding=\"async\" class=\"alignnone wp-image-173 \" src=\"https:\/\/feuerwehr-nordsehl-lauenhagen.de\/wp-content\/uploads\/2021\/06\/hydrant-150x150.png\" alt=\"\" width=\"15\" height=\"15\" srcset=\"https:\/\/feuerwehr-nordsehl-lauenhagen.de\/wp-content\/uploads\/2021\/06\/hydrant-150x150.png 150w, https:\/\/feuerwehr-nordsehl-lauenhagen.de\/wp-content\/uploads\/2021\/06\/hydrant.png 191w\" sizes=\"(max-width: 15px) 100vw, 15px\" \/>\u00a0Einsatztaktik beim Gebrauch von Feuerl\u00f6schern<\/strong><\/p>\n<p><a href=\"https:\/\/feuerwehr-nordsehl-lauenhagen.de\/wp-content\/uploads\/2021\/09\/anwendung_feuerloescher.png\" target=\"_blank\" rel=\"noopener\"><img decoding=\"async\" class=\"alignnone wp-image-452\" src=\"https:\/\/feuerwehr-nordsehl-lauenhagen.de\/wp-content\/uploads\/2021\/09\/anwendung_feuerloescher.png\" alt=\"\" width=\"606\" height=\"387\" srcset=\"https:\/\/feuerwehr-nordsehl-lauenhagen.de\/wp-content\/uploads\/2021\/09\/anwendung_feuerloescher.png 711w, https:\/\/feuerwehr-nordsehl-lauenhagen.de\/wp-content\/uploads\/2021\/09\/anwendung_feuerloescher-300x192.png 300w\" sizes=\"(max-width: 606px) 100vw, 606px\" \/><\/a><\/p>\n<p>Untersch\u00e4tzen Sie nicht die gesundheitliche Gef\u00e4hrdung durch Rauch- und Brandgase. Achten Sie auf ihre Eigensicherung!<\/p>\n<hr \/>\n<p><strong><img decoding=\"async\" class=\"alignnone wp-image-173 \" src=\"https:\/\/feuerwehr-nordsehl-lauenhagen.de\/wp-content\/uploads\/2021\/06\/hydrant-150x150.png\" alt=\"\" width=\"15\" height=\"15\" srcset=\"https:\/\/feuerwehr-nordsehl-lauenhagen.de\/wp-content\/uploads\/2021\/06\/hydrant-150x150.png 150w, https:\/\/feuerwehr-nordsehl-lauenhagen.de\/wp-content\/uploads\/2021\/06\/hydrant.png 191w\" sizes=\"(max-width: 15px) 100vw, 15px\" \/>\u00a0Hinweisschilder f\u00fcr Feuerl\u00f6scher oder Feuerl\u00f6scheinrichtungen:<\/strong><\/p>\n<p>Feuerl\u00f6scher sind an leicht zug\u00e4nglichen Stellen aufzustellen und diese durch gut sichtbare Hinweisschilder zu kennzeichnen. In gr\u00f6\u00dferen Geb\u00e4uden, z.B. Gasth\u00e4usern, Versammlungsr\u00e4umen, Kinderg\u00e4rten, Schulen, Betriebsst\u00e4tten etc., ist dies zwingend vorgeschrieben.<\/p>\n<p><a href=\"https:\/\/feuerwehr-nordsehl-lauenhagen.de\/wp-content\/uploads\/2021\/09\/brandschutzschild-feuerloescher.jpg\" target=\"_blank\" rel=\"noopener\"><img loading=\"lazy\" decoding=\"async\" class=\"alignnone wp-image-450\" src=\"https:\/\/feuerwehr-nordsehl-lauenhagen.de\/wp-content\/uploads\/2021\/09\/brandschutzschild-feuerloescher-300x300.jpg\" alt=\"\" width=\"115\" height=\"115\" srcset=\"https:\/\/feuerwehr-nordsehl-lauenhagen.de\/wp-content\/uploads\/2021\/09\/brandschutzschild-feuerloescher-300x300.jpg 300w, https:\/\/feuerwehr-nordsehl-lauenhagen.de\/wp-content\/uploads\/2021\/09\/brandschutzschild-feuerloescher-150x150.jpg 150w, https:\/\/feuerwehr-nordsehl-lauenhagen.de\/wp-content\/uploads\/2021\/09\/brandschutzschild-feuerloescher.jpg 600w\" sizes=\"(max-width: 115px) 100vw, 115px\" \/><\/a><br \/>\nDieses Schild weist auf den Aufstellungsort eines Feuerl\u00f6schers hin.<\/p>\n<p><a href=\"https:\/\/feuerwehr-nordsehl-lauenhagen.de\/wp-content\/uploads\/2021\/09\/0276.png\" target=\"_blank\" rel=\"noopener\"><img loading=\"lazy\" decoding=\"async\" class=\"alignnone wp-image-451\" src=\"https:\/\/feuerwehr-nordsehl-lauenhagen.de\/wp-content\/uploads\/2021\/09\/0276-300x150.png\" alt=\"\" width=\"112\" height=\"56\" srcset=\"https:\/\/feuerwehr-nordsehl-lauenhagen.de\/wp-content\/uploads\/2021\/09\/0276-300x150.png 300w, https:\/\/feuerwehr-nordsehl-lauenhagen.de\/wp-content\/uploads\/2021\/09\/0276-768x384.png 768w, https:\/\/feuerwehr-nordsehl-lauenhagen.de\/wp-content\/uploads\/2021\/09\/0276.png 960w\" sizes=\"(max-width: 112px) 100vw, 112px\" \/><\/a><br \/>\nDieses Schild weist den Weg zum n\u00e4chsten Feuerl\u00f6scher.<\/p>\n<hr \/>\n<p><strong><img decoding=\"async\" class=\"alignnone wp-image-173 \" src=\"https:\/\/feuerwehr-nordsehl-lauenhagen.de\/wp-content\/uploads\/2021\/06\/hydrant-150x150.png\" alt=\"\" width=\"15\" height=\"15\" srcset=\"https:\/\/feuerwehr-nordsehl-lauenhagen.de\/wp-content\/uploads\/2021\/06\/hydrant-150x150.png 150w, https:\/\/feuerwehr-nordsehl-lauenhagen.de\/wp-content\/uploads\/2021\/06\/hydrant.png 191w\" sizes=\"(max-width: 15px) 100vw, 15px\" \/>\u00a0Sie sind noch Unsicher?<\/strong><\/p>\n<p>Dann melden Sie sich bei uns. Wir sind gerne bereit Ihnen weiter zu helfen.<\/p>\n","protected":false},"excerpt":{"rendered":"<p>\u00a0Feuerl\u00f6scher Nachfolgend m\u00f6chten wir Ihnen Feuerl\u00f6scher etwas n\u00e4her bringen. Nach unseren Erfahrungen kann der fr\u00fchzeitige Einsatz von Feuerl\u00f6schern Leben retten und Sachsch\u00e4den verringern. Feuerl\u00f6scher dienen zur wirksamen Bek\u00e4mpfung von Entstehungsbr\u00e4nden. Das bedeutet, dass nur kleine und in der Entstehung befindliche &hellip; <a href=\"https:\/\/feuerwehr-nordsehl-lauenhagen.de\/index.php\/service\/buergerinfos\/\">Weiterlesen <span class=\"meta-nav\">&rarr;<\/span><\/a><\/p>\n","protected":false},"author":1,"featured_media":0,"parent":108,"menu_order":0,"comment_status":"closed","ping_status":"closed","template":"","meta":{"footnotes":""},"class_list":["post-149","page","type-page","status-publish","hentry"],"_links":{"self":[{"href":"https:\/\/feuerwehr-nordsehl-lauenhagen.de\/index.php\/wp-json\/wp\/v2\/pages\/149","targetHints":{"allow":["GET"]}}],"collection":[{"href":"https:\/\/feuerwehr-nordsehl-lauenhagen.de\/index.php\/wp-json\/wp\/v2\/pages"}],"about":[{"href":"https:\/\/feuerwehr-nordsehl-lauenhagen.de\/index.php\/wp-json\/wp\/v2\/types\/page"}],"author":[{"embeddable":true,"href":"https:\/\/feuerwehr-nordsehl-lauenhagen.de\/index.php\/wp-json\/wp\/v2\/users\/1"}],"replies":[{"embeddable":true,"href":"https:\/\/feuerwehr-nordsehl-lauenhagen.de\/index.php\/wp-json\/wp\/v2\/comments?post=149"}],"version-history":[{"count":6,"href":"https:\/\/feuerwehr-nordsehl-lauenhagen.de\/index.php\/wp-json\/wp\/v2\/pages\/149\/revisions"}],"predecessor-version":[{"id":456,"href":"https:\/\/feuerwehr-nordsehl-lauenhagen.de\/index.php\/wp-json\/wp\/v2\/pages\/149\/revisions\/456"}],"up":[{"embeddable":true,"href":"https:\/\/feuerwehr-nordsehl-lauenhagen.de\/index.php\/wp-json\/wp\/v2\/pages\/108"}],"wp:attachment":[{"href":"https:\/\/feuerwehr-nordsehl-lauenhagen.de\/index.php\/wp-json\/wp\/v2\/media?parent=149"}],"curies":[{"name":"wp","href":"https:\/\/api.w.org\/{rel}","templated":true}]}}