{"id":107,"date":"2021-06-07T10:41:02","date_gmt":"2021-06-07T10:41:02","guid":{"rendered":"https:\/\/feuerwehr-nordsehl-lauenhagen.de\/?page_id=107"},"modified":"2021-08-13T12:46:23","modified_gmt":"2021-08-13T12:46:23","slug":"ausstattung-technik","status":"publish","type":"page","link":"https:\/\/feuerwehr-nordsehl-lauenhagen.de\/index.php\/ausstattung-technik\/","title":{"rendered":"Ausstattung \/ Technik"},"content":{"rendered":"<p>Hier haben wir Informationen zu unserer\u00a0<a href=\"https:\/\/feuerwehr-nordsehl-lauenhagen.de\/index.php\/feuerwache\/\" target=\"_blank\" rel=\"noopener noreferrer\">Feuerwache<\/a>\u00a0und\u00a0unseren\u00a0<a href=\"https:\/\/feuerwehr-nordsehl-lauenhagen.de\/index.php\/fahrzeuge\/\" target=\"_blank\" rel=\"noopener noreferrer\">Fahrzeugen<\/a>\u00a0f\u00fcr\u00a0euch zusammen gestellt.<\/p>\n<p>In letzter Zeit hat sich viel getan. Der\u00a0Neubau unserer Feuerwache 2015\/2016 und der Neubeschaffung unseres HLF 10 im Jahr 2016, des MTW im Jahr 2017 und des GW-L im Jahr 2018 sind sicherlich die gro\u00dfen H\u00f6hepunkte. Aber auch neue Ger\u00e4tschaften sind in den letzten Jahren zusammen mit den Fahrzeugen zu uns gekommen.\u00a0Es gibt viel zu entdecken!<\/p>\n","protected":false},"excerpt":{"rendered":"<p>Hier haben wir Informationen zu unserer\u00a0Feuerwache\u00a0und\u00a0unseren\u00a0Fahrzeugen\u00a0f\u00fcr\u00a0euch zusammen gestellt. In letzter Zeit hat sich viel getan. Der\u00a0Neubau unserer Feuerwache 2015\/2016 und der Neubeschaffung unseres HLF 10 im Jahr 2016, des MTW im Jahr 2017 und des GW-L im Jahr 2018 sind &hellip; <a href=\"https:\/\/feuerwehr-nordsehl-lauenhagen.de\/index.php\/ausstattung-technik\/\">Weiterlesen <span class=\"meta-nav\">&rarr;<\/span><\/a><\/p>\n","protected":false},"author":1,"featured_media":0,"parent":0,"menu_order":0,"comment_status":"closed","ping_status":"closed","template":"","meta":{"footnotes":""},"class_list":["post-107","page","type-page","status-publish","hentry"],"_links":{"self":[{"href":"https:\/\/feuerwehr-nordsehl-lauenhagen.de\/index.php\/wp-json\/wp\/v2\/pages\/107","targetHints":{"allow":["GET"]}}],"collection":[{"href":"https:\/\/feuerwehr-nordsehl-lauenhagen.de\/index.php\/wp-json\/wp\/v2\/pages"}],"about":[{"href":"https:\/\/feuerwehr-nordsehl-lauenhagen.de\/index.php\/wp-json\/wp\/v2\/types\/page"}],"author":[{"embeddable":true,"href":"https:\/\/feuerwehr-nordsehl-lauenhagen.de\/index.php\/wp-json\/wp\/v2\/users\/1"}],"replies":[{"embeddable":true,"href":"https:\/\/feuerwehr-nordsehl-lauenhagen.de\/index.php\/wp-json\/wp\/v2\/comments?post=107"}],"version-history":[{"count":3,"href":"https:\/\/feuerwehr-nordsehl-lauenhagen.de\/index.php\/wp-json\/wp\/v2\/pages\/107\/revisions"}],"predecessor-version":[{"id":379,"href":"https:\/\/feuerwehr-nordsehl-lauenhagen.de\/index.php\/wp-json\/wp\/v2\/pages\/107\/revisions\/379"}],"wp:attachment":[{"href":"https:\/\/feuerwehr-nordsehl-lauenhagen.de\/index.php\/wp-json\/wp\/v2\/media?parent=107"}],"curies":[{"name":"wp","href":"https:\/\/api.w.org\/{rel}","templated":true}]}}