{"id":105,"date":"2021-06-07T10:41:02","date_gmt":"2021-06-07T10:41:02","guid":{"rendered":"https:\/\/feuerwehr-nordsehl-lauenhagen.de\/?page_id=105"},"modified":"2021-09-07T07:18:40","modified_gmt":"2021-09-07T07:18:40","slug":"altersabteilung","status":"publish","type":"page","link":"https:\/\/feuerwehr-nordsehl-lauenhagen.de\/index.php\/altersabteilung\/","title":{"rendered":"Altersabteilung"},"content":{"rendered":"<p>Auch unsere neu gegr\u00fcndete Altersabteilung ist ein fester Bestandteil in unserer Ortsfeuerwehr.<\/p>\n<p>Nach dem Nieders\u00e4chsischen Brandschutzgesetz endet die Zugeh\u00f6rigkeit in der Einsatzabteilung sp\u00e4testens mit der Vollendung des 67. Lebensjahres.\u00a0Ein Mitglied der Einsatzabteilung kann, wenn die Freiwillige Feuerwehr eine Altersabteilung hat, ab dem Tag der Vollendung des 55. Lebensjahres in die Altersabteilung \u00fcbertreten.<\/p>\n<p>F\u00fcr uns ist es wichtig, den Kameradinnen und Kameraden, die sich m\u00f6glicherweise Jahrzehnte lang mit ihrer ganzen Kraft in unserer Feuerwehr engagiert haben, die M\u00f6glichkeit zu geben weiterhin die kameradschaftliche Verbundenheit zu pflegen.<\/p>\n<p>Aber unsere Altersabteilung nimmt hier auch noch weiterhin wichtige Aufgaben in unserer Ortswehr wahr. Neben der weiteren Zugeh\u00f6rigkeit in der Feuerwehr, setzt sich unsere Altersabteilung auch f\u00fcr das Gemeinschaftswohl ein.<\/p>\n<p>Unter anderem unterst\u00fctzt sie die Einsatzabteilung bei anfallenden Arbeiten rund um das Ger\u00e4tehaus. Au\u00dferdem wirkt unsere Altersabteilung stark bei der Planung von Veranstaltungen mit.<\/p>\n<p>\u2013 Bild folgt \u2013<\/p>\n","protected":false},"excerpt":{"rendered":"<p>Auch unsere neu gegr\u00fcndete Altersabteilung ist ein fester Bestandteil in unserer Ortsfeuerwehr. Nach dem Nieders\u00e4chsischen Brandschutzgesetz endet die Zugeh\u00f6rigkeit in der Einsatzabteilung sp\u00e4testens mit der Vollendung des 67. Lebensjahres.\u00a0Ein Mitglied der Einsatzabteilung kann, wenn die Freiwillige Feuerwehr eine Altersabteilung hat, &hellip; <a href=\"https:\/\/feuerwehr-nordsehl-lauenhagen.de\/index.php\/altersabteilung\/\">Weiterlesen <span class=\"meta-nav\">&rarr;<\/span><\/a><\/p>\n","protected":false},"author":1,"featured_media":0,"parent":0,"menu_order":0,"comment_status":"closed","ping_status":"closed","template":"","meta":{"footnotes":""},"class_list":["post-105","page","type-page","status-publish","hentry"],"_links":{"self":[{"href":"https:\/\/feuerwehr-nordsehl-lauenhagen.de\/index.php\/wp-json\/wp\/v2\/pages\/105","targetHints":{"allow":["GET"]}}],"collection":[{"href":"https:\/\/feuerwehr-nordsehl-lauenhagen.de\/index.php\/wp-json\/wp\/v2\/pages"}],"about":[{"href":"https:\/\/feuerwehr-nordsehl-lauenhagen.de\/index.php\/wp-json\/wp\/v2\/types\/page"}],"author":[{"embeddable":true,"href":"https:\/\/feuerwehr-nordsehl-lauenhagen.de\/index.php\/wp-json\/wp\/v2\/users\/1"}],"replies":[{"embeddable":true,"href":"https:\/\/feuerwehr-nordsehl-lauenhagen.de\/index.php\/wp-json\/wp\/v2\/comments?post=105"}],"version-history":[{"count":2,"href":"https:\/\/feuerwehr-nordsehl-lauenhagen.de\/index.php\/wp-json\/wp\/v2\/pages\/105\/revisions"}],"predecessor-version":[{"id":246,"href":"https:\/\/feuerwehr-nordsehl-lauenhagen.de\/index.php\/wp-json\/wp\/v2\/pages\/105\/revisions\/246"}],"wp:attachment":[{"href":"https:\/\/feuerwehr-nordsehl-lauenhagen.de\/index.php\/wp-json\/wp\/v2\/media?parent=105"}],"curies":[{"name":"wp","href":"https:\/\/api.w.org\/{rel}","templated":true}]}}