{"id":104,"date":"2021-06-07T10:41:02","date_gmt":"2021-06-07T10:41:02","guid":{"rendered":"https:\/\/feuerwehr-nordsehl-lauenhagen.de\/?page_id=104"},"modified":"2025-01-05T14:18:09","modified_gmt":"2025-01-05T14:18:09","slug":"kinderfeuerwehr","status":"publish","type":"page","link":"https:\/\/feuerwehr-nordsehl-lauenhagen.de\/index.php\/kinderfeuerwehr\/","title":{"rendered":"Kinderfeuerwehr"},"content":{"rendered":"<p>Die Kinderfeuerwehr \u201eDie L\u00f6schwichtel\u201c Nordsehl-Lauenhagen existiert seit dem 07. Februar 2009. Aktuell sind etwa 20 Kinder zwischen 6 und 10 Jahren in der Gruppe, die sich etwa zur H\u00e4lfte aus M\u00e4dchen und Jungen zusammensetzt. F\u00fcr die Betreuung sorgt ein Betreuerteam. Der Dienst der Kinderfeuerwehr findet im zweiw\u00f6chigen Rhythmus immer freitags von 15 bis 16 Uhr statt. Die genauen Termine sind auf dem\u00a0<a href=\"https:\/\/feuerwehr-nordsehl-lauenhagen.de\/index.php\/dienstplaene\/\">aktuellen Dienstplan der Kinderfeuerwehr<\/a> vermerkt.<\/p>\n<p>In den vergangenen Jahren wurden Umweltaktionen durchgef\u00fchrt, Zeltlager besucht, die Tiere in der Wildtierstation angeschaut und die L\u00f6schwichtel nahmen an vielen Wettbewerben teil. Dabei steht haupts\u00e4chlich der Spa\u00df im Vordergrund. Die Kinder werden spielerisch an die Feuerwehr herangef\u00fchrt. Sie erlernen Grundlagen in erster Hilfe, das Absetzten eines Notrufes und etwas \u00fcber die Technik der Feuerwehr. Wer dabei gut aufpasst, kann am Ende eine Brandflohpr\u00fcfung ablegen und den Schaumburger Flori, das Abzeichen der Kinderfeuerwehren in Schaumburg, erwerben. Dar\u00fcber hinaus geh\u00f6ren\u00a0aber vor allem Sport, Spiele und Bastelstunden zum Kinderfeuerwehrdienst. Beim Weihnachtsmarkt und Osterfeuer in Lauenhagen ist\u00a0die Kinderfeuerwehr f\u00fcr das Stockbrotbacken verantwortlich. Auch f\u00fcr dieses Jahr\u00a0haben sich die Betreuer der Kinderfeuerwehr wieder ein tolles Programm ausgedacht.<\/p>\n<p>Haben wir euer Interesse geweckt? Den\u00a0<a href=\"https:\/\/feuerwehr-nordsehl-lauenhagen.de\/index.php\/dienstplaene\/\" target=\"_blank\" rel=\"noopener\">Dienstplan der Kinderfeuerwehr<\/a>\u00a0findet ihr\u00a0hier! Wir freuen uns \u00fcber neue L\u00f6schwichtel!<\/p>\n","protected":false},"excerpt":{"rendered":"<p>Die Kinderfeuerwehr \u201eDie L\u00f6schwichtel\u201c Nordsehl-Lauenhagen existiert seit dem 07. Februar 2009. Aktuell sind etwa 20 Kinder zwischen 6 und 10 Jahren in der Gruppe, die sich etwa zur H\u00e4lfte aus M\u00e4dchen und Jungen zusammensetzt. F\u00fcr die Betreuung sorgt ein Betreuerteam. &hellip; <a href=\"https:\/\/feuerwehr-nordsehl-lauenhagen.de\/index.php\/kinderfeuerwehr\/\">Weiterlesen <span class=\"meta-nav\">&rarr;<\/span><\/a><\/p>\n","protected":false},"author":1,"featured_media":0,"parent":0,"menu_order":0,"comment_status":"closed","ping_status":"closed","template":"","meta":{"footnotes":""},"class_list":["post-104","page","type-page","status-publish","hentry"],"_links":{"self":[{"href":"https:\/\/feuerwehr-nordsehl-lauenhagen.de\/index.php\/wp-json\/wp\/v2\/pages\/104","targetHints":{"allow":["GET"]}}],"collection":[{"href":"https:\/\/feuerwehr-nordsehl-lauenhagen.de\/index.php\/wp-json\/wp\/v2\/pages"}],"about":[{"href":"https:\/\/feuerwehr-nordsehl-lauenhagen.de\/index.php\/wp-json\/wp\/v2\/types\/page"}],"author":[{"embeddable":true,"href":"https:\/\/feuerwehr-nordsehl-lauenhagen.de\/index.php\/wp-json\/wp\/v2\/users\/1"}],"replies":[{"embeddable":true,"href":"https:\/\/feuerwehr-nordsehl-lauenhagen.de\/index.php\/wp-json\/wp\/v2\/comments?post=104"}],"version-history":[{"count":6,"href":"https:\/\/feuerwehr-nordsehl-lauenhagen.de\/index.php\/wp-json\/wp\/v2\/pages\/104\/revisions"}],"predecessor-version":[{"id":843,"href":"https:\/\/feuerwehr-nordsehl-lauenhagen.de\/index.php\/wp-json\/wp\/v2\/pages\/104\/revisions\/843"}],"wp:attachment":[{"href":"https:\/\/feuerwehr-nordsehl-lauenhagen.de\/index.php\/wp-json\/wp\/v2\/media?parent=104"}],"curies":[{"name":"wp","href":"https:\/\/api.w.org\/{rel}","templated":true}]}}