{"id":103,"date":"2021-06-07T10:41:02","date_gmt":"2021-06-07T10:41:02","guid":{"rendered":"https:\/\/feuerwehr-nordsehl-lauenhagen.de\/?page_id=103"},"modified":"2021-12-08T08:35:27","modified_gmt":"2021-12-08T08:35:27","slug":"jugendfeuerwehr","status":"publish","type":"page","link":"https:\/\/feuerwehr-nordsehl-lauenhagen.de\/index.php\/jugendfeuerwehr\/","title":{"rendered":"Jugendfeuerwehr"},"content":{"rendered":"<p>Die Jugendfeuerwehr ist seit 1980 ein wichtiger Bestandteil unserer Feuerwehr. Auf ihr geht der\u00a0Nachwuchs der Aktiven Feuerwehr hervor. Den\u00a0Kindern und Jugendlichen werden theoretische und\u00a0praktische feuerwehrtechnische Kenntnisse\u00a0vermittelt. In den Bereichen Brandbek\u00e4mpfung und Erste Hilfe wird vorbeugende Pr\u00e4ventionsarbeit geleistet. \u201eWie setzte ich richtig einen Notruf ab?\u201c oder \u201eWie wende ich einen Feuerl\u00f6scher richtig an?\u201c sind nur zwei praktische Beispiele unserer Jugendfeuerwehrarbeit.<\/p>\n<p>Neben der feuerwehrtechnischen Ausbildung ist das Gemeinschaftsgef\u00fchl ein wichtiger Bestandteil bei der Feuerwehr. Durch die Teilnahme an\u00a0Wettbewerben in der Gruppe wird der Teamgeist gest\u00e4rkt. Dabei sind Zusammenhalt, Schnelligkeit\u00a0und Motivation wichtige Attribute. Die Jugendlichen\u00a0lernen Verantwortung f\u00fcr Umwelt, Material und Mitmenschen zu \u00fcbernehmen.<\/p>\n<p>Der H\u00f6hepunkt in jedem Jahr ist das einw\u00f6chige Jugendfeuerwehrzeltlager. Alle drei Jahre findet bei uns in Lauenhagen\u00a0das Samtgemeinde-Jugendfeuerwehrzeltlager der Samtgemeinde Niedernw\u00f6hren statt. Hier steht der Spa\u00df im Vordergrund. Zelten, Wettbewerbe, Ausfl\u00fcge und ein spannendes Abendprogramm geh\u00f6ren immer dazu.<\/p>\n<p>Die Jugendfeuerwehr ist immer auf der Suche nach Feuerwehr-Nachwuchs. Interessierte Kinder und Jugendliche\u00a0zwischen 10 und 18 Jahren\u00a0aus Nordsehl, H\u00fclshagen oder Lauenhagen sind immer willkommen\u00a0bei den\u00a0Jugendfeuerwehrdiensten. Unser Betreuerteam\u00a0freut sich \u00fcber jedes neue Mitglied und\u00a0gibt gerne einen Einblick in den Jugendfeuerwehralltag. Unser Jugendfeuerwehrwart Tobias B\u00f6deker steht\u00a0Eltern jederzeit gerne f\u00fcr Fragen zur Verf\u00fcgung. Der\u00a0JF-Dienst findet in der Regel montags zwischen 17:30 Uhr und 19:00 Uhr an unserer\u00a0Feuerwache, Nordsehler Stra\u00dfe 10\u00a0in\u00a0Lauenhagen, statt. Haben wir euer Interesse geweckt?\u00a0Den\u00a0<a href=\"http:\/\/www.feuerwehr-nordsehl-lauenhagen.de\/dienstplaene\/\" target=\"_blank\" rel=\"noopener\">Dienstplan der Jugendfeuerwehr<\/a>\u00a0findet ihr\u00a0hier!<\/p>\n<p>Die\u00a0Jugendfeuerwehr Nordsehl-Lauenhagen<br \/>\nMehr als nur ein Hobby!!!<\/p>\n<p><a href=\"https:\/\/feuerwehr-nordsehl-lauenhagen.de\/wp-content\/uploads\/2021\/12\/DSC_0205_komprimiert-scaled.jpg\"><img fetchpriority=\"high\" decoding=\"async\" class=\"aligncenter size-large wp-image-538\" src=\"https:\/\/feuerwehr-nordsehl-lauenhagen.de\/wp-content\/uploads\/2021\/12\/DSC_0205_komprimiert-1024x683.jpg\" alt=\"\" width=\"640\" height=\"427\" srcset=\"https:\/\/feuerwehr-nordsehl-lauenhagen.de\/wp-content\/uploads\/2021\/12\/DSC_0205_komprimiert-1024x683.jpg 1024w, https:\/\/feuerwehr-nordsehl-lauenhagen.de\/wp-content\/uploads\/2021\/12\/DSC_0205_komprimiert-300x200.jpg 300w, https:\/\/feuerwehr-nordsehl-lauenhagen.de\/wp-content\/uploads\/2021\/12\/DSC_0205_komprimiert-768x512.jpg 768w, https:\/\/feuerwehr-nordsehl-lauenhagen.de\/wp-content\/uploads\/2021\/12\/DSC_0205_komprimiert-1536x1024.jpg 1536w, https:\/\/feuerwehr-nordsehl-lauenhagen.de\/wp-content\/uploads\/2021\/12\/DSC_0205_komprimiert-2048x1365.jpg 2048w\" sizes=\"(max-width: 640px) 100vw, 640px\" \/><\/a><\/p>\n","protected":false},"excerpt":{"rendered":"<p>Die Jugendfeuerwehr ist seit 1980 ein wichtiger Bestandteil unserer Feuerwehr. Auf ihr geht der\u00a0Nachwuchs der Aktiven Feuerwehr hervor. Den\u00a0Kindern und Jugendlichen werden theoretische und\u00a0praktische feuerwehrtechnische Kenntnisse\u00a0vermittelt. In den Bereichen Brandbek\u00e4mpfung und Erste Hilfe wird vorbeugende Pr\u00e4ventionsarbeit geleistet. \u201eWie setzte ich &hellip; <a href=\"https:\/\/feuerwehr-nordsehl-lauenhagen.de\/index.php\/jugendfeuerwehr\/\">Weiterlesen <span class=\"meta-nav\">&rarr;<\/span><\/a><\/p>\n","protected":false},"author":1,"featured_media":0,"parent":0,"menu_order":0,"comment_status":"closed","ping_status":"closed","template":"","meta":{"footnotes":""},"class_list":["post-103","page","type-page","status-publish","hentry"],"_links":{"self":[{"href":"https:\/\/feuerwehr-nordsehl-lauenhagen.de\/index.php\/wp-json\/wp\/v2\/pages\/103","targetHints":{"allow":["GET"]}}],"collection":[{"href":"https:\/\/feuerwehr-nordsehl-lauenhagen.de\/index.php\/wp-json\/wp\/v2\/pages"}],"about":[{"href":"https:\/\/feuerwehr-nordsehl-lauenhagen.de\/index.php\/wp-json\/wp\/v2\/types\/page"}],"author":[{"embeddable":true,"href":"https:\/\/feuerwehr-nordsehl-lauenhagen.de\/index.php\/wp-json\/wp\/v2\/users\/1"}],"replies":[{"embeddable":true,"href":"https:\/\/feuerwehr-nordsehl-lauenhagen.de\/index.php\/wp-json\/wp\/v2\/comments?post=103"}],"version-history":[{"count":4,"href":"https:\/\/feuerwehr-nordsehl-lauenhagen.de\/index.php\/wp-json\/wp\/v2\/pages\/103\/revisions"}],"predecessor-version":[{"id":539,"href":"https:\/\/feuerwehr-nordsehl-lauenhagen.de\/index.php\/wp-json\/wp\/v2\/pages\/103\/revisions\/539"}],"wp:attachment":[{"href":"https:\/\/feuerwehr-nordsehl-lauenhagen.de\/index.php\/wp-json\/wp\/v2\/media?parent=103"}],"curies":[{"name":"wp","href":"https:\/\/api.w.org\/{rel}","templated":true}]}}