{"id":101,"date":"2021-06-07T10:41:02","date_gmt":"2021-06-07T10:41:02","guid":{"rendered":"https:\/\/feuerwehr-nordsehl-lauenhagen.de\/?page_id=101"},"modified":"2025-01-05T14:16:14","modified_gmt":"2025-01-05T14:16:14","slug":"aktive-einsatzabteilung","status":"publish","type":"page","link":"https:\/\/feuerwehr-nordsehl-lauenhagen.de\/index.php\/aktive-einsatzabteilung\/","title":{"rendered":"Aktive Einsatzabteilung"},"content":{"rendered":"<p>Die Aktivenabteilung umfasst aktuell etwa 60 Kameradinnen und Kameraden. Diese treffen sich im w\u00f6chentlichen Rhythmus montags um 19:00 Uhr zum \u00dcbungsdienst. Dar\u00fcber hinaus f\u00fchren die Atemschutzger\u00e4tetr\u00e4ger Zusatzdienste durch. Einige\u00a0Sonderdienste, \u00dcbungen und Veranstaltungen sind\u00a0ebenfalls regelm\u00e4\u00dfig dabei.<\/p>\n<p>Die Feuerwehr Nordsehl-Lauenhagen stellt in ihrer Funktion als eine von zwei St\u00fctzpunktfeuerwehren in der Samtgemeinde Niedernw\u00f6hren in erster Linie rund um die Uhr den Brandschutz sicher und \u00fcbernimmt zahlreiche Hilfeleistungsaufgaben. Dar\u00fcber hinaus engagieren sich die Kameradinnen und Kameraden auf Kreisebene. Unter anderem wird\u00a0das HLF 10 im 1. Zug der Kreisfeuerwehrbereitschaft Nord eingesetzt. In der Vergangenheit unterst\u00fctzte die Feuerwehr somit bei \u00fcber\u00f6rtlichen Gro\u00dfschadenslagen, wie z.B. dem Hochwasser 2013 in Magdeburg. Neben den grundlegenden Feuerwehraufgaben ist die Feuerwehr in den D\u00f6rfern ein wichtiger kultureller Bestandteil geworden. Veranstaltungen wie Osterfeuer, Zeltlager oder der beliebte Orientierungsmarsch \u201eMarsch ohne Grenzen\u201c werden regelm\u00e4\u00dfig organisiert und st\u00e4rken den Zusammenhalt in der Feuerwehr und das Ansehen im Dorf.<\/p>\n<p>Willst auch du Mitglied bei uns werden? Die aktiven Feuerwehrfrauen und -m\u00e4nner freuen sich auf dich! Wir w\u00fcrden uns \u00fcber deinen Besuch\u00a0bei einem unserer n\u00e4chsten Dienste sehr freuen. Die Termine findest du <a href=\"https:\/\/feuerwehr-nordsehl-lauenhagen.de\/index.php\/dienstplaene\/\" target=\"_blank\" rel=\"noopener\">hier<\/a>.<\/p>\n<h4>Chronik \u2013 \u201eDie Geschichte der St\u00fctzpunkt-Feuerwehr Nordsehl-Lauenhagen\u201c<\/h4>\n<p>Die Feuerwehr Nordsehl wurde am 17.07.1937 von 25 M\u00e4nnern unter dem Brandmeister Friedrich Pape gegr\u00fcndet. Als Ausr\u00fcstung diente lediglich eine Handdruckspritze. Nach dem Krieg wurde 1948 ein neuer Brandmeister gew\u00e4hlt. Heinrich Bruns \u00fcbernahm das Amt von Friedrich Pape. Auch die Handdruckspritze wurde im Jahr 1949 durch eine modernere TS 8 Magirus ersetzt, im Folgejahr wurde die Wehr erstmals mit Helmen, Hakengurten und Uniformen ausgestattet.<\/p>\n<p>1951 trat die Wehr dem Kreisfeuerwehrverband bei. Im Januar 1953 wurde Friedhelm Nordmann auf der Generalversammlung zum neuen Brandmeister gew\u00e4hlt. Er musst das Amt zum Ende des Jahres allerdings schon wieder abgeben, da er aus beruflichen Gr\u00fcnden seinen Wohnort wechseln musste. Heinrich Bruns \u00fcbernahm erneut das Amt und bekleidete es bis zum Jahr 1962.<\/p>\n<p>Bereits im Jahr 1954 erhielt die Wehr ein langersehntes Ger\u00e4tehaus und im Jahr 1959 traf das erste Fahrzeug, ein LF 8, in Nordsehl ein. Auch die TS 8 Magirus wurde durch eine modernere TS 8 VW ersetzt. Im Jahr 1962 wurde Walter K\u00f6pper neuer Ortsbrandmeister der Nordsehler Feuerwehr. Viele junge M\u00e4nner fanden in den 60er Jahren den Weg in die Feuerwehr und bereits 1971 bekam die Wehr ihre ersten Pressluftatmer. Ab 1977 wurde die Feuerwehr auch durch eine Jugendabteilung verst\u00e4rkt, um den Nachwuchs sicherzustellen.<\/p>\n<p>Im Jahr 1979 erhielt die Feuerwehr ein neues Fahrzeug, ein TSF auf Volkswagen-Fahrgestell.\u00a0\u00dcber die Jahrzehnte hinweg entwickelte sich die Feuerwehr zu einer modernen Feuerwehr mit Grundausstattung, welche im B\u00fcrgerhaus Nordsehl untergebracht war. Seit 1994 wird die Wehr von Orstbrandmeister Frank K\u00f6pper gef\u00fchrt. Im Jahr 2004 erhielt die Feuerwehr ein neues modernes Tragkraftspritzenfahrzeug (TSF) auf einem Mercedes-Sprinter Fahrgestell, welches aktuell noch im Dienst steht. Die Jugendfeuerwehr Nordsehl schloss sich bereits zum 01.01.2008 der Jugendfeuerwehr Lauenhagen an. Seither wurden gemeinsame Dienste durchgef\u00fchrt. Bei Wettbewerben startete die Gruppe als Jugendfeuerwehr Lauenhagen.<\/p>\n<p>Die Feuerwehr Lauenhagen wurde erstmals am 1931\u00a0geschichtlich erw\u00e4hnt. Bereits damals existierte eine Pferdespritze in Lauenhagen. Eine Gruppe von M\u00e4nnern stellte den Brandschutz sicher. Aus dieser Gemeinschaft heraus wurde am 01. September 1936 die Feuerwehr Lauenhagen mit 27 M\u00e4nnern offiziell gegr\u00fcndet.<\/p>\n<p>Als erster Brandmeister wurde Heinrich Brandt gew\u00e4hlt. Die Gruppe hielt regelm\u00e4\u00dfig \u00dcbungsdienste in ihrem kleinen Ger\u00e4teh\u00e4uschen am Heideweg ab und erhielt als erste Ausr\u00fcstung M\u00fctzen und Koppeln. Im Jahr 1941 \u00fcbernahmt Friedrich Dollweber das Amt des Brandmeisters. Unter seiner F\u00fchrung wurde 1950 ein Magirus-Tragkraftspritzenanh\u00e4nger und eine Magirus-Tragkraftspritze von der Gemeinde beschafft.<\/p>\n<p>Nach 15 Jahren an der Spitze der Feuerwehr trat Friedrich Dollweber am 01. Oktober 1956 von seinem Amt zur\u00fcck. Als Nachfolger wurde Friedrich B\u00f6se gew\u00e4hlt. Einige Jahre war es ruhig in Lauenhagen, es waren\u00a0weder Neuanschaffungen noch Br\u00e4nde zu verzeichnen. Erst Ende 1963 kam wieder Bewegung in die Feuerwehr. Die abg\u00e4ngige TS von Magirus wurde durch eine neue Koebe-TS ersetzt und die Feuerwehr erhielt ein neues Ger\u00e4tehaus am Heierweg, eine Doppelgarage mit Alarmsirene. Das Ger\u00e4tehaus wurde von den Feuerwehrm\u00e4nnern in Eigenleistung erbaut. Die Gemeinde stellte lediglich das Material zu Verf\u00fcgung. Die Alarmsirene war ebenfalls eine Neuheit. Bis 1964 wurde die Feuerwehr mit dem Feuerhorn alarmiert.<\/p>\n<p>Viele Gemeinden in der Umgebung kauften in den 60er Jahren Feuerwehrfahrzeuge. Auch die Gemeinde Lauenhagen schloss sich diesem Trend an und erwarb 1968 ein Tragkraftspritzenfahrzeug auf einem VW-Fahrgestell. Ab 1969 \u00fcbernahm Adolf Kappmeier die Position des Ortsbrandmeisters. Ende 1973 erhielt die Feuerwehr einen gebrauchten VW-Bus als Mannschaftstransportwagen (MTW). Durch Mitgliederwerbung konnten in den 70er Jahren einige neue Kameraden gewonnen werden.<\/p>\n<p>Im Jahr 1980 wurde schlie\u00dflich auch in Lauenhagen eine Jugendfeuerwehr unter der F\u00fchrung von Dieter Kubba gegr\u00fcndet. Im gleichen Jahr stellte Adolf Kappmeier sein Amt aus pers\u00f6nlichen Gr\u00fcnden zur Verf\u00fcgung. Als Nachfolger wurde sein Sohn Dieter Kappmeier gew\u00e4hlt. Das Jahr 1983 war wieder ein spannendes Jahr f\u00fcr die Lauenh\u00e4ger Feuerwehr. Im August wurde zun\u00e4chst \u00fcber einen freiwilligen Zusammenschluss der Feuerwehren H\u00fclshagen und Lauenhagen beraten. Dieser kam jedoch letztlich nicht zu Stande. Im Oktober konnte die Wehr dann eine neue TS der Firma Ziegler \u00fcbernehmen. Ein Jahr sp\u00e4ter begann der Bau des neuen Ger\u00e4tehauses am Heierweg direkt neben der alten Doppelgarage. Die Feuerwehr hatte eine erhebliche Eigenleistung zugesagt. Nur so lie\u00df sich die Samtgemeinde zu dem Bau bewegen. Nach vielen Stunden Arbeit wurde das Geb\u00e4ude schlie\u00dflich am 27. September 1985 eingeweiht.<\/p>\n<p>Im Jahr 1988 erhielt die als Feuerwehr ein L\u00f6schgruppenfahrzeug 8 (LF 8) der Firma Magirus auf einem Iveco-Fahrgestell. Das Fahrzeug wurde in den Folgejahren mehrmals umgebaut und an die \u00f6rtlichen Anforderungen angepasst. Intern wurde es gerne als \u201eLF 8 XXL\u201c bezeichnet. Seit 1990 zeigt sich die Feuerwehr Lauenhagen als Gastgeber f\u00fcr das Samtgemeinde-Jugendfeuerwehr-Zeltlager verantwortlich. Es findet grunds\u00e4tzlich auf dem Sportgel\u00e4nde statt.<\/p>\n<p>Um das Personal bei Eins\u00e4tzen sicher zum Einsatzort zu bringen und um der Jugendfeuerwehr eine M\u00f6glichkeit zur Bef\u00f6rderung zu schaffen, entschied sich die unter den Aktiven gegr\u00fcndete Feuerwehr-Kameradschaft (F\u00f6rderverein) im Jahr 2004 zur Anschaffung eines\u00a0Mannschaftstransportwagens (MTW). Dazu wurde ein gebrauchter VW Transporter gekauft und selbstst\u00e4ndig als Feuerwehr-Fahrzeug umgebaut.<\/p>\n<p>Zur Sicherstellung des Feuerwehr-Nachwuchses wurde im Jahr 2009 eine Kinderfeuerwehr, die Lauenh\u00e4ger L\u00f6schwichtel, unter der F\u00fchrung von Andrea Kliver gegr\u00fcndet. Dieter Kappmeier legte\u00a0zum 01.01.2010 sein Amt als Ortsbrandmeister nieder und \u00fcbernahm das Amt des Gemeindebrandmeisters der SG Niedernw\u00f6hren. F\u00fcr ihn \u00fcbernahm vorerst Frank Richter das Amt des Ortsbrandmeisters. Unter seiner F\u00fchrung wurde\u00a02011 das 80-j\u00e4hrige Jubil\u00e4um gemeinsam mit der Nachbarwehr aus H\u00fclshagen \u00fcber Pfingsten an drei Tagen geb\u00fchrend gefeiert. Auf Grund privater Umst\u00e4nde stellte\u00a0Frank Richter jedoch nach zwei Jahren sein Amt wieder zur Verf\u00fcgung. Seit Januar 2012 f\u00fchrte deshalb Stephan Kliver die Feuerwehr.<\/p>\n<p>Die Samtgemeinde Niedernw\u00f6hren lie\u00df im Jahr 2008 von einem externen Gutachter einen Feuerwehrbedarfsplan aufstellen. Dieser regte unter anderem auch die Zusammenlegung der Feuerwehren Nordsehl und Lauenhagen an. Als Gr\u00fcnde f\u00fchrte er die Faktoren des demografischen Wandels und die Sicherstellung des Brandschutzes in der Zukunft an.<br \/>\nDas Konzept sah f\u00fcr\u00a0die Samtgemeinde Niedernw\u00f6hren unter anderem vor, dass\u00a0sich die Ortsfeuerwehren Meerbeck und Niedernw\u00f6hren zur St\u00fctzpunktfeuerwehr Meerbeck-Niedernw\u00f6hren und die Ortsfeuerwehren Nordsehl und Lauenhagen zur St\u00fctzpunktfeuerwehr Nordsehl-Lauenhagen zusammenschlie\u00dfen. Alle\u00a0Ortsfeuerwehren stimmten diesem Vorschlag freiwillig zu. So\u00a0entstand die neue St\u00fctzpunkt-Feuerwehr Nordsehl-Lauenhagen.<\/p>\n<p>Die offizielle Fusion zur St\u00fctzpunktfeuerwehr Nordsehl-Lauenhagen wurde am 01. April 2015 durchgef\u00fchrt. Seit diesem Tag werden alle Abteilungen der Feuerwehr als \u201eNordsehl-Lauenhagen\u201c gef\u00fchrt. Als Ortsbrandmeister wurde Stephan Kliver gew\u00e4hlt. Seine Stellvertreter sind Frank K\u00f6pper und Gregor Zimmermann. Mit der Fusion wurde auch eine neue Feuerwache, die \u201eWache S\u00fcdost\u201c, gebaut. Der Spatenstich wurde im Mai 2015 durchgef\u00fchrt und die \u00dcbergabe nach Fertigstellung fand schlie\u00dflich im M\u00e4rz\u00a02016 statt. Damit verf\u00fcgen die Aktiven \u00fcber ein modernes Feuerwehrhaus, welches die aktuellen Vorgaben erf\u00fcllt.<\/p>\n<p>Neben der Feuerwache wurde auch der Fahrzeugpark an die Anforderungen eines St\u00fctzpunktes angeglichen. Das in die Jahre gekommene LF 8 (29 Jahre alt) wurde deshalb im Jahr 2016 durch ein hochmodernes Hilfeleistungsl\u00f6schgruppenfahrzeug 10 (HLF 10) ersetzt. Das Fahrzeug wurde auf einem MAN Fahrgestell aufgebaut. Der Aufbau wurde durch die Firma Rosenbauer ausgef\u00fchrt. Das Fahrzeug ist unser Erstangriffsfahrzeug und verf\u00fcgt \u00fcber hervorragende F\u00e4higkeiten zur Brandbek\u00e4mpfung und zur technischen Hilfeleistung.\u00a0Das TSF aus Nordsehl beleibt dem Fuhrpark weiterhin erhalten.<\/p>\n<p>Im September\u00a02017 wurde ein moderner Mannschaftstransportwagen (MTW) auf Basis eines VW Crafter angeschafft. Das Fahrzeug verf\u00fcgt \u00fcber neun Pl\u00e4tze f\u00fcr Einsatzkr\u00e4fte und wird im Einsatzfall als Sammelstelle f\u00fcr Atemschutzger\u00e4tetr\u00e4ger eingesetzt.\u00a0Dar\u00fcber hinaus wird es von unserer Kinder- und Jugendfeuerwehr st\u00e4ndig zur Transportzwecken ben\u00f6tigt. Das neueste Fahrzeug wurde am 30.08.2018 ausgeliefert.\u00a0Dabei handelt es sich um einen\u00a0Ger\u00e4tewagen-Logistik 2 (GW-L 2) auf MAN Fahrgestell. Das Fahrzeug ist mit verschiedenen Rollcontainern ausgestattet und kann im Einsatzfall sehr flexibel eingesetzt werden. Unter anderem ist\u00a0das Fahrzeug auch zur Verlegung von langen Schlauchleitungen geeignet. Mit der Beschaffung des GW-L 2\u00a0ist das Fahrzeugkonzept der Feuerwache S\u00fcdost vorerst abgeschlossen.<\/p>\n<p>Im Jahr 2025 kann die &#8222;neue&#8220; St\u00fctzpunktfeuerwehr Nordsehl-Lauenhagen bereits auf 10 erfolgreiche Jahre nach der Zusammenlegung und in der neuen Feuerwache zur\u00fcckblicken.<\/p>\n","protected":false},"excerpt":{"rendered":"<p>Die Aktivenabteilung umfasst aktuell etwa 60 Kameradinnen und Kameraden. Diese treffen sich im w\u00f6chentlichen Rhythmus montags um 19:00 Uhr zum \u00dcbungsdienst. Dar\u00fcber hinaus f\u00fchren die Atemschutzger\u00e4tetr\u00e4ger Zusatzdienste durch. Einige\u00a0Sonderdienste, \u00dcbungen und Veranstaltungen sind\u00a0ebenfalls regelm\u00e4\u00dfig dabei. Die Feuerwehr Nordsehl-Lauenhagen stellt in &hellip; <a href=\"https:\/\/feuerwehr-nordsehl-lauenhagen.de\/index.php\/aktive-einsatzabteilung\/\">Weiterlesen <span class=\"meta-nav\">&rarr;<\/span><\/a><\/p>\n","protected":false},"author":1,"featured_media":0,"parent":0,"menu_order":0,"comment_status":"closed","ping_status":"closed","template":"","meta":{"footnotes":""},"class_list":["post-101","page","type-page","status-publish","hentry"],"_links":{"self":[{"href":"https:\/\/feuerwehr-nordsehl-lauenhagen.de\/index.php\/wp-json\/wp\/v2\/pages\/101","targetHints":{"allow":["GET"]}}],"collection":[{"href":"https:\/\/feuerwehr-nordsehl-lauenhagen.de\/index.php\/wp-json\/wp\/v2\/pages"}],"about":[{"href":"https:\/\/feuerwehr-nordsehl-lauenhagen.de\/index.php\/wp-json\/wp\/v2\/types\/page"}],"author":[{"embeddable":true,"href":"https:\/\/feuerwehr-nordsehl-lauenhagen.de\/index.php\/wp-json\/wp\/v2\/users\/1"}],"replies":[{"embeddable":true,"href":"https:\/\/feuerwehr-nordsehl-lauenhagen.de\/index.php\/wp-json\/wp\/v2\/comments?post=101"}],"version-history":[{"count":6,"href":"https:\/\/feuerwehr-nordsehl-lauenhagen.de\/index.php\/wp-json\/wp\/v2\/pages\/101\/revisions"}],"predecessor-version":[{"id":841,"href":"https:\/\/feuerwehr-nordsehl-lauenhagen.de\/index.php\/wp-json\/wp\/v2\/pages\/101\/revisions\/841"}],"wp:attachment":[{"href":"https:\/\/feuerwehr-nordsehl-lauenhagen.de\/index.php\/wp-json\/wp\/v2\/media?parent=101"}],"curies":[{"name":"wp","href":"https:\/\/api.w.org\/{rel}","templated":true}]}}